{"id":796,"date":"2025-04-14T08:36:23","date_gmt":"2025-04-14T08:36:23","guid":{"rendered":"https:\/\/evma-led.com\/kontakt\/"},"modified":"2025-04-15T07:41:30","modified_gmt":"2025-04-15T07:41:30","slug":"kontakt","status":"publish","type":"page","link":"https:\/\/evma-led.com\/sl\/kontakt\/","title":{"rendered":"Kontakt"},"content":{"rendered":"\t\t<div data-elementor-type=\"wp-page\" data-elementor-id=\"796\" class=\"elementor elementor-796 elementor-518\" data-elementor-post-type=\"page\">\n\t\t\t\t<div class=\"elementor-element elementor-element-5e56c7b e-flex e-con-boxed e-con e-parent\" data-id=\"5e56c7b\" data-element_type=\"container\" data-settings=\"{&quot;background_background&quot;:&quot;classic&quot;}\">\n\t\t\t\t\t<div class=\"e-con-inner\">\n\t\t\t\t<div class=\"elementor-element elementor-element-f76c11f elementor-widget elementor-widget-heading\" data-id=\"f76c11f\" data-element_type=\"widget\" data-widget_type=\"heading.default\">\n\t\t\t\t<div class=\"elementor-widget-container\">\n\t\t\t<h1 class=\"elementor-heading-title elementor-size-default\">Kontakt<\/h1>\t\t<\/div>\n\t\t\t\t<\/div>\n\t\t\t\t\t<\/div>\n\t\t\t\t<\/div>\n\t\t<div class=\"elementor-element elementor-element-5f16138 e-flex e-con-boxed e-con e-parent\" data-id=\"5f16138\" data-element_type=\"container\">\n\t\t\t\t\t<div class=\"e-con-inner\">\n\t\t\t\t<div class=\"elementor-element elementor-element-deec26f elementor-widget elementor-widget-heading\" data-id=\"deec26f\" data-element_type=\"widget\" data-widget_type=\"heading.default\">\n\t\t\t\t<div class=\"elementor-widget-container\">\n\t\t\t<h2 class=\"elementor-heading-title elementor-size-default\">Stopite v stik\n<\/h2>\t\t<\/div>\n\t\t\t\t<\/div>\n\t\t\t\t<div class=\"elementor-element elementor-element-8b52343 elementor-widget elementor-widget-text-editor\" data-id=\"8b52343\" data-element_type=\"widget\" data-widget_type=\"text-editor.default\">\n\t\t\t\t<div class=\"elementor-widget-container\">\n\t\t\t\t\t\t\tTukaj smo, da vam pomagamo! Ne glede na to, ali imate vpra\u0161anje, povratne informacije ali se \u017eelite samo pozdraviti, se obrnite na nas. Izpolnite spodnji obrazec ali nas kontaktirajte neposredno po e-po\u0161ti ali telefonu \u2013 odgovorili vam bomo v najkraj\u0161em mo\u017enem \u010dasu.  \n\n\t\t\t\t\t\t<\/div>\n\t\t\t\t<\/div>\n\t\t\t\t<div class=\"elementor-element elementor-element-d2d29b0 elementor-widget elementor-widget-text-editor\" data-id=\"d2d29b0\" data-element_type=\"widget\" data-widget_type=\"text-editor.default\">\n\t\t\t\t<div class=\"elementor-widget-container\">\n\t\t\t\t\t\t\t<p><a href=\"https:\/\/www.google.com\/maps\/place\/EVMA+d.o.o.+Izdelava+in+monta%C5%BEa+reklamnih+napisov\/@45.934781,14.237471,15z\/data=!4m5!3m4!1s0x0:0xf3d5ab2f0ba22fe!8m2!3d45.934781!4d14.237471\">EVMA d.o.o.<br>IOC Zapolje II\/9<br>1370 Logatec<br>Slovenia \u2013 EU<\/a><\/p>\t\t\t\t\t\t<\/div>\n\t\t\t\t<\/div>\n\t\t\t\t<div class=\"elementor-element elementor-element-3460042 elementor-icon-list--layout-traditional elementor-list-item-link-full_width elementor-widget elementor-widget-icon-list\" data-id=\"3460042\" data-element_type=\"widget\" data-widget_type=\"icon-list.default\">\n\t\t\t\t<div class=\"elementor-widget-container\">\n\t\t\t\t\t<ul class=\"elementor-icon-list-items\">\n\t\t\t\t\t\t\t<li class=\"elementor-icon-list-item\">\n\t\t\t\t\t\t\t\t\t\t\t<span class=\"elementor-icon-list-icon\">\n\t\t\t\t\t\t\t<svg aria-hidden=\"true\" class=\"e-font-icon-svg e-fas-phone-alt\" viewBox=\"0 0 512 512\" xmlns=\"http:\/\/www.w3.org\/2000\/svg\"><path d=\"M497.39 361.8l-112-48a24 24 0 0 0-28 6.9l-49.6 60.6A370.66 370.66 0 0 1 130.6 204.11l60.6-49.6a23.94 23.94 0 0 0 6.9-28l-48-112A24.16 24.16 0 0 0 122.6.61l-104 24A24 24 0 0 0 0 48c0 256.5 207.9 464 464 464a24 24 0 0 0 23.4-18.6l24-104a24.29 24.29 0 0 0-14.01-27.6z\"><\/path><\/svg>\t\t\t\t\t\t<\/span>\n\t\t\t\t\t\t\t\t\t\t<span class=\"elementor-icon-list-text\">+386 1 810 7550<\/span>\n\t\t\t\t\t\t\t\t\t<\/li>\n\t\t\t\t\t\t\t\t<li class=\"elementor-icon-list-item\">\n\t\t\t\t\t\t\t\t\t\t\t<span class=\"elementor-icon-list-icon\">\n\t\t\t\t\t\t\t<svg aria-hidden=\"true\" class=\"e-font-icon-svg e-fas-envelope\" viewBox=\"0 0 512 512\" xmlns=\"http:\/\/www.w3.org\/2000\/svg\"><path d=\"M502.3 190.8c3.9-3.1 9.7-.2 9.7 4.7V400c0 26.5-21.5 48-48 48H48c-26.5 0-48-21.5-48-48V195.6c0-5 5.7-7.8 9.7-4.7 22.4 17.4 52.1 39.5 154.1 113.6 21.1 15.4 56.7 47.8 92.2 47.6 35.7.3 72-32.8 92.3-47.6 102-74.1 131.6-96.3 154-113.7zM256 320c23.2.4 56.6-29.2 73.4-41.4 132.7-96.3 142.8-104.7 173.4-128.7 5.8-4.5 9.2-11.5 9.2-18.9v-19c0-26.5-21.5-48-48-48H48C21.5 64 0 85.5 0 112v19c0 7.4 3.4 14.3 9.2 18.9 30.6 23.9 40.7 32.4 173.4 128.7 16.8 12.2 50.2 41.8 73.4 41.4z\"><\/path><\/svg>\t\t\t\t\t\t<\/span>\n\t\t\t\t\t\t\t\t\t\t<span class=\"elementor-icon-list-text\">info@evma-visual.com<\/span>\n\t\t\t\t\t\t\t\t\t<\/li>\n\t\t\t\t\t\t<\/ul>\n\t\t\t\t<\/div>\n\t\t\t\t<\/div>\n\t\t\t\t<div class=\"elementor-element elementor-element-22d7e69 elementor-widget elementor-widget-shortcode\" data-id=\"22d7e69\" data-element_type=\"widget\" data-widget_type=\"shortcode.default\">\n\t\t\t\t<div class=\"elementor-widget-container\">\n\t\t\t\t\t<div class=\"elementor-shortcode\">\n<div class=\"wpcf7 no-js\" id=\"wpcf7-f801-o1\" lang=\"sl-SI\" dir=\"ltr\" data-wpcf7-id=\"801\">\n<div class=\"screen-reader-response\"><p role=\"status\" aria-live=\"polite\" aria-atomic=\"true\"><\/p> <ul><\/ul><\/div>\n<form action=\"\/sl\/wp-json\/wp\/v2\/pages\/796#wpcf7-f801-o1\" method=\"post\" class=\"wpcf7-form init\" aria-label=\"Contact form\" novalidate=\"novalidate\" data-status=\"init\">\n<div style=\"display: none;\">\n<input type=\"hidden\" name=\"_wpcf7\" value=\"801\" \/>\n<input type=\"hidden\" name=\"_wpcf7_version\" value=\"6.0.6\" \/>\n<input type=\"hidden\" name=\"_wpcf7_locale\" value=\"sl_SI\" \/>\n<input type=\"hidden\" name=\"_wpcf7_unit_tag\" value=\"wpcf7-f801-o1\" \/>\n<input type=\"hidden\" name=\"_wpcf7_container_post\" value=\"0\" \/>\n<input type=\"hidden\" name=\"_wpcf7_posted_data_hash\" value=\"\" \/>\n<\/div>\n<div class=\"row row-section\">\n\t<div class=\"row\">\n\t<\/div>\n\t<div class=\"row\">\n\t\t<div class=\"col large-6\">\n\t\t\t<p><label> Ime<br \/>\n<span class=\"wpcf7-form-control-wrap\" data-name=\"name\"><input size=\"40\" maxlength=\"400\" class=\"wpcf7-form-control wpcf7-text wpcf7-validates-as-required\" aria-required=\"true\" aria-invalid=\"false\" value=\"\" type=\"text\" name=\"name\" \/><\/span> <\/label>\n\t\t\t<\/p>\n\t\t<\/div>\n\t\t<div class=\"col large-6\">\n\t\t\t<p><label> Priimek<br \/>\n<span class=\"wpcf7-form-control-wrap\" data-name=\"surname\"><input size=\"40\" maxlength=\"400\" class=\"wpcf7-form-control wpcf7-text wpcf7-validates-as-required\" aria-required=\"true\" aria-invalid=\"false\" value=\"\" type=\"text\" name=\"surname\" \/><\/span> <\/label>\n\t\t\t<\/p>\n\t\t<\/div>\n\t<\/div>\n\t<div class=\"row\">\n\t\t<div class=\"col large-6\">\n\t\t\t<p><label> Telefon<br \/>\n<span class=\"wpcf7-form-control-wrap\" data-name=\"phone\"><input size=\"40\" maxlength=\"400\" class=\"wpcf7-form-control wpcf7-tel wpcf7-validates-as-required wpcf7-text wpcf7-validates-as-tel\" aria-required=\"true\" aria-invalid=\"false\" value=\"\" type=\"tel\" name=\"phone\" \/><\/span> <\/label>\n\t\t\t<\/p>\n\t\t<\/div>\n\t\t<div class=\"col large-6\">\n\t\t\t<p><label> E-mail<br \/>\n<span class=\"wpcf7-form-control-wrap\" data-name=\"email\"><input size=\"40\" maxlength=\"400\" class=\"wpcf7-form-control wpcf7-email wpcf7-validates-as-required wpcf7-text wpcf7-validates-as-email\" aria-required=\"true\" aria-invalid=\"false\" value=\"\" type=\"email\" name=\"email\" \/><\/span> <\/label>\n\t\t\t<\/p>\n\t\t<\/div>\n\t<\/div>\n\t<div class=\"row\">\n\t\t<div class=\"col large-12\">\n\t\t\t<p><label> Va\u0161e sporo\u010dilo<br \/>\n<span class=\"wpcf7-form-control-wrap\" data-name=\"your-message\"><textarea cols=\"40\" rows=\"10\" maxlength=\"2000\" class=\"wpcf7-form-control wpcf7-textarea wpcf7-validates-as-required\" aria-required=\"true\" aria-invalid=\"false\" name=\"your-message\"><\/textarea><\/span> <\/label>\n\t\t\t<\/p>\n\t\t<\/div>\n\t<\/div>\n\t<p><input class=\"wpcf7-form-control wpcf7-submit has-spinner\" type=\"submit\" value=\"Po\u0161lji\" \/>\n\t<\/p>\n<\/div><div class=\"wpcf7-response-output\" aria-hidden=\"true\"><\/div>\n<\/form>\n<\/div>\n<\/div>\n\t\t\t\t<\/div>\n\t\t\t\t<\/div>\n\t\t\t\t\t<\/div>\n\t\t\t\t<\/div>\n\t\t\t\t<\/div>\n\t\t","protected":false},"excerpt":{"rendered":"<p>Stopite v stik Tukaj smo, da vam pomagamo! Ne glede na to, ali imate vpra\u0161anje, povratne informacije ali se \u017eelite samo pozdraviti, se obrnite na nas. Izpolnite spodnji obrazec ali nas kontaktirajte neposredno po e-po\u0161ti ali telefonu \u2013 odgovorili vam bomo v najkraj\u0161em mo\u017enem \u010dasu. EVMA d.o.o.IOC Zapolje II\/91370 LogatecSlovenia \u2013 EU +386 1 810 [&hellip;]<\/p>\n","protected":false},"author":1,"featured_media":0,"parent":0,"menu_order":0,"comment_status":"closed","ping_status":"closed","template":"","meta":{"_acf_changed":false,"inline_featured_image":false,"footnotes":""},"class_list":["post-796","page","type-page","status-publish","hentry"],"acf":[],"yoast_head":"<!-- This site is optimized with the Yoast SEO plugin v25.6 - https:\/\/yoast.com\/wordpress\/plugins\/seo\/ -->\n<title>Kontakt - EVMA<\/title>\n<meta name=\"robots\" content=\"index, follow, max-snippet:-1, max-image-preview:large, max-video-preview:-1\" \/>\n<link rel=\"canonical\" href=\"https:\/\/evma-led.com\/contact-us\/\" \/>\n<meta property=\"og:locale\" content=\"sl_SI\" \/>\n<meta property=\"og:type\" content=\"article\" \/>\n<meta property=\"og:title\" content=\"Kontakt - EVMA\" \/>\n<meta property=\"og:description\" content=\"Stopite v stik Tukaj smo, da vam pomagamo! Ne glede na to, ali imate vpra\u0161anje, povratne informacije ali se \u017eelite samo pozdraviti, se obrnite na nas. Izpolnite spodnji obrazec ali nas kontaktirajte neposredno po e-po\u0161ti ali telefonu \u2013 odgovorili vam bomo v najkraj\u0161em mo\u017enem \u010dasu. EVMA d.o.o.IOC Zapolje II\/91370 LogatecSlovenia \u2013 EU +386 1 810 [&hellip;]\" \/>\n<meta property=\"og:url\" content=\"https:\/\/evma-led.com\/contact-us\/\" \/>\n<meta property=\"og:site_name\" content=\"EVMA\" \/>\n<meta property=\"article:modified_time\" content=\"2025-04-15T07:41:30+00:00\" \/>\n<meta name=\"twitter:card\" content=\"summary_large_image\" \/>\n<script type=\"application\/ld+json\" class=\"yoast-schema-graph\">{\"@context\":\"https:\/\/schema.org\",\"@graph\":[{\"@type\":\"WebPage\",\"@id\":\"https:\/\/evma-led.com\/contact-us\/\",\"url\":\"https:\/\/evma-led.com\/contact-us\/\",\"name\":\"Kontakt - EVMA\",\"isPartOf\":{\"@id\":\"https:\/\/evma-led.com\/#website\"},\"datePublished\":\"2025-04-14T08:36:23+00:00\",\"dateModified\":\"2025-04-15T07:41:30+00:00\",\"breadcrumb\":{\"@id\":\"https:\/\/evma-led.com\/contact-us\/#breadcrumb\"},\"inLanguage\":\"sl-SI\",\"potentialAction\":[{\"@type\":\"ReadAction\",\"target\":[\"https:\/\/evma-led.com\/contact-us\/\"]}]},{\"@type\":\"BreadcrumbList\",\"@id\":\"https:\/\/evma-led.com\/contact-us\/#breadcrumb\",\"itemListElement\":[{\"@type\":\"ListItem\",\"position\":1,\"name\":\"Home\",\"item\":\"https:\/\/evma-led.com\/sl\/\"},{\"@type\":\"ListItem\",\"position\":2,\"name\":\"Kontakt\"}]},{\"@type\":\"WebSite\",\"@id\":\"https:\/\/evma-led.com\/#website\",\"url\":\"https:\/\/evma-led.com\/\",\"name\":\"EVMA Led\",\"description\":\"\",\"publisher\":{\"@id\":\"https:\/\/evma-led.com\/#organization\"},\"potentialAction\":[{\"@type\":\"SearchAction\",\"target\":{\"@type\":\"EntryPoint\",\"urlTemplate\":\"https:\/\/evma-led.com\/?s={search_term_string}\"},\"query-input\":{\"@type\":\"PropertyValueSpecification\",\"valueRequired\":true,\"valueName\":\"search_term_string\"}}],\"inLanguage\":\"sl-SI\"},{\"@type\":\"Organization\",\"@id\":\"https:\/\/evma-led.com\/#organization\",\"name\":\"EVMA Led\",\"url\":\"https:\/\/evma-led.com\/\",\"logo\":{\"@type\":\"ImageObject\",\"inLanguage\":\"sl-SI\",\"@id\":\"https:\/\/evma-led.com\/#\/schema\/logo\/image\/\",\"url\":\"https:\/\/evma-led.com\/wp-content\/uploads\/EVMA_visual_communications-1.png\",\"contentUrl\":\"https:\/\/evma-led.com\/wp-content\/uploads\/EVMA_visual_communications-1.png\",\"width\":250,\"height\":34,\"caption\":\"EVMA Led\"},\"image\":{\"@id\":\"https:\/\/evma-led.com\/#\/schema\/logo\/image\/\"}}]}<\/script>\n<!-- \/ Yoast SEO plugin. -->","yoast_head_json":{"title":"Kontakt - EVMA","robots":{"index":"index","follow":"follow","max-snippet":"max-snippet:-1","max-image-preview":"max-image-preview:large","max-video-preview":"max-video-preview:-1"},"canonical":"https:\/\/evma-led.com\/contact-us\/","og_locale":"sl_SI","og_type":"article","og_title":"Kontakt - EVMA","og_description":"Stopite v stik Tukaj smo, da vam pomagamo! Ne glede na to, ali imate vpra\u0161anje, povratne informacije ali se \u017eelite samo pozdraviti, se obrnite na nas. Izpolnite spodnji obrazec ali nas kontaktirajte neposredno po e-po\u0161ti ali telefonu \u2013 odgovorili vam bomo v najkraj\u0161em mo\u017enem \u010dasu. EVMA d.o.o.IOC Zapolje II\/91370 LogatecSlovenia \u2013 EU +386 1 810 [&hellip;]","og_url":"https:\/\/evma-led.com\/contact-us\/","og_site_name":"EVMA","article_modified_time":"2025-04-15T07:41:30+00:00","twitter_card":"summary_large_image","schema":{"@context":"https:\/\/schema.org","@graph":[{"@type":"WebPage","@id":"https:\/\/evma-led.com\/contact-us\/","url":"https:\/\/evma-led.com\/contact-us\/","name":"Kontakt - EVMA","isPartOf":{"@id":"https:\/\/evma-led.com\/#website"},"datePublished":"2025-04-14T08:36:23+00:00","dateModified":"2025-04-15T07:41:30+00:00","breadcrumb":{"@id":"https:\/\/evma-led.com\/contact-us\/#breadcrumb"},"inLanguage":"sl-SI","potentialAction":[{"@type":"ReadAction","target":["https:\/\/evma-led.com\/contact-us\/"]}]},{"@type":"BreadcrumbList","@id":"https:\/\/evma-led.com\/contact-us\/#breadcrumb","itemListElement":[{"@type":"ListItem","position":1,"name":"Home","item":"https:\/\/evma-led.com\/sl\/"},{"@type":"ListItem","position":2,"name":"Kontakt"}]},{"@type":"WebSite","@id":"https:\/\/evma-led.com\/#website","url":"https:\/\/evma-led.com\/","name":"EVMA Led","description":"","publisher":{"@id":"https:\/\/evma-led.com\/#organization"},"potentialAction":[{"@type":"SearchAction","target":{"@type":"EntryPoint","urlTemplate":"https:\/\/evma-led.com\/?s={search_term_string}"},"query-input":{"@type":"PropertyValueSpecification","valueRequired":true,"valueName":"search_term_string"}}],"inLanguage":"sl-SI"},{"@type":"Organization","@id":"https:\/\/evma-led.com\/#organization","name":"EVMA Led","url":"https:\/\/evma-led.com\/","logo":{"@type":"ImageObject","inLanguage":"sl-SI","@id":"https:\/\/evma-led.com\/#\/schema\/logo\/image\/","url":"https:\/\/evma-led.com\/wp-content\/uploads\/EVMA_visual_communications-1.png","contentUrl":"https:\/\/evma-led.com\/wp-content\/uploads\/EVMA_visual_communications-1.png","width":250,"height":34,"caption":"EVMA Led"},"image":{"@id":"https:\/\/evma-led.com\/#\/schema\/logo\/image\/"}}]}},"_links":{"self":[{"href":"https:\/\/evma-led.com\/sl\/wp-json\/wp\/v2\/pages\/796","targetHints":{"allow":["GET"]}}],"collection":[{"href":"https:\/\/evma-led.com\/sl\/wp-json\/wp\/v2\/pages"}],"about":[{"href":"https:\/\/evma-led.com\/sl\/wp-json\/wp\/v2\/types\/page"}],"author":[{"embeddable":true,"href":"https:\/\/evma-led.com\/sl\/wp-json\/wp\/v2\/users\/1"}],"replies":[{"embeddable":true,"href":"https:\/\/evma-led.com\/sl\/wp-json\/wp\/v2\/comments?post=796"}],"version-history":[{"count":1,"href":"https:\/\/evma-led.com\/sl\/wp-json\/wp\/v2\/pages\/796\/revisions"}],"predecessor-version":[{"id":797,"href":"https:\/\/evma-led.com\/sl\/wp-json\/wp\/v2\/pages\/796\/revisions\/797"}],"wp:attachment":[{"href":"https:\/\/evma-led.com\/sl\/wp-json\/wp\/v2\/media?parent=796"}],"curies":[{"name":"wp","href":"https:\/\/api.w.org\/{rel}","templated":true}]}}